{"id":5,"date":"2023-06-29T22:09:23","date_gmt":"2023-06-29T22:09:23","guid":{"rendered":"https:\/\/www.galabau-jwg.de\/?page_id=5"},"modified":"2023-07-05T16:12:38","modified_gmt":"2023-07-05T16:12:38","slug":"startseite","status":"publish","type":"page","link":"https:\/\/www.galabau-jwg.de\/","title":{"rendered":"Startseite"},"content":{"rendered":"\n<figure class=\"wp-block-image aligncenter size-full\"><img loading=\"lazy\" decoding=\"async\" width=\"800\" height=\"304\" src=\"https:\/\/www.galabau-jwg.de\/wp-content\/uploads\/2023\/06\/logo-galabau-800.jpg\" alt=\"\" class=\"wp-image-18\" srcset=\"https:\/\/www.galabau-jwg.de\/wp-content\/uploads\/2023\/06\/logo-galabau-800.jpg 800w, https:\/\/www.galabau-jwg.de\/wp-content\/uploads\/2023\/06\/logo-galabau-800-300x114.jpg 300w, https:\/\/www.galabau-jwg.de\/wp-content\/uploads\/2023\/06\/logo-galabau-800-768x292.jpg 768w\" sizes=\"auto, (max-width: 800px) 100vw, 800px\" \/><\/figure>\n\n\n\n<h2 class=\"wp-block-heading has-text-align-center\">Herzlich willkommen!<\/h2>\n\n\n\n<p class=\"has-text-align-center\">Diese Seite befindet sich derzeit im Aufbau. In K\u00fcrze k\u00f6nnen Sie sich hier einen \u00dcberblick \u00fcber unsere Leistungen und Projekte verschaffen. Sie k\u00f6nnen uns aber selbstverst\u00e4ndlich jetzt schon kontaktieren, wenn Sie sich \u00fcber unser Leistungsportfolio informieren m\u00f6chten.<br>Ihr GaLaBau-Team<br>Christoph Jost &amp; Heiko Wojtassek Golz<\/p>\n\n\n\n<hr class=\"wp-block-separator has-alpha-channel-opacity is-style-wide\"\/>\n\n\n\n<p class=\"has-text-align-center\">GaLaBau Jost &amp; Wojtassek Golz GbR<br>Garten- und Landschaftsbau<\/p>\n\n\n\n<p class=\"has-text-align-center\"><strong>Vertretungsberechtigte Gesellschafter<\/strong><br>Christoph Jost, Heiko Wojtassek Golz<\/p>\n\n\n\n<p class=\"has-text-align-center\">Detmolder Stra\u00dfe 463<br>33605 Bielefeld<br>E-Mail: info (at) galabau-jwg.de<br>Tel.:&nbsp; +49 (0) 151 50165966 oder +49 (0) 176 32991638<\/p>\n","protected":false},"excerpt":{"rendered":"<p>Herzlich willkommen! Diese Seite befindet sich derzeit im Aufbau. In K\u00fcrze k\u00f6nnen Sie sich hier einen \u00dcberblick \u00fcber unsere Leistungen und Projekte verschaffen. Sie k\u00f6nnen uns aber selbstverst\u00e4ndlich jetzt schon kontaktieren, wenn Sie sich \u00fcber unser Leistungsportfolio informieren m\u00f6chten.Ihr GaLaBau-TeamChristoph Jost &amp; Heiko Wojtassek Golz GaLaBau Jost &amp; Wojtassek Golz GbRGarten- und Landschaftsbau Vertretungsberechtigte GesellschafterChristoph [&hellip;]<\/p>\n","protected":false},"author":1,"featured_media":0,"parent":0,"menu_order":0,"comment_status":"closed","ping_status":"closed","template":"","meta":{"footnotes":""},"class_list":["post-5","page","type-page","status-publish","hentry"],"_links":{"self":[{"href":"https:\/\/www.galabau-jwg.de\/index.php?rest_route=\/wp\/v2\/pages\/5","targetHints":{"allow":["GET"]}}],"collection":[{"href":"https:\/\/www.galabau-jwg.de\/index.php?rest_route=\/wp\/v2\/pages"}],"about":[{"href":"https:\/\/www.galabau-jwg.de\/index.php?rest_route=\/wp\/v2\/types\/page"}],"author":[{"embeddable":true,"href":"https:\/\/www.galabau-jwg.de\/index.php?rest_route=\/wp\/v2\/users\/1"}],"replies":[{"embeddable":true,"href":"https:\/\/www.galabau-jwg.de\/index.php?rest_route=%2Fwp%2Fv2%2Fcomments&post=5"}],"version-history":[{"count":11,"href":"https:\/\/www.galabau-jwg.de\/index.php?rest_route=\/wp\/v2\/pages\/5\/revisions"}],"predecessor-version":[{"id":27,"href":"https:\/\/www.galabau-jwg.de\/index.php?rest_route=\/wp\/v2\/pages\/5\/revisions\/27"}],"wp:attachment":[{"href":"https:\/\/www.galabau-jwg.de\/index.php?rest_route=%2Fwp%2Fv2%2Fmedia&parent=5"}],"curies":[{"name":"wp","href":"https:\/\/api.w.org\/{rel}","templated":true}]}}